{"id":811,"date":"2024-03-20T10:40:05","date_gmt":"2024-03-20T09:40:05","guid":{"rendered":"https:\/\/dev.ihrname.be\/www.levalet.be?page_id=811"},"modified":"2025-10-21T17:47:04","modified_gmt":"2025-10-21T15:47:04","slug":"besuche-veranstaltungen","status":"publish","type":"page","link":"https:\/\/levalet.be\/de\/besuche-veranstaltungen\/","title":{"rendered":"Besuche\/ Veranstaltungen"},"content":{"rendered":"\t\t<div data-elementor-type=\"wp-page\" data-elementor-id=\"811\" class=\"elementor elementor-811\">\n\t\t\t\t\t\t<section class=\"elementor-section elementor-top-section elementor-element elementor-element-0bbf852 elementor-section-full_width elementor-section-height-default elementor-section-height-default parallax_section_no qode_elementor_container_no qode-content-aligment-left\" data-id=\"0bbf852\" data-element_type=\"section\">\n\t\t\t\t\t\t<div class=\"elementor-container elementor-column-gap-default\">\n\t\t\t\t\t<div class=\"elementor-column elementor-col-100 elementor-top-column elementor-element elementor-element-afc85fa\" data-id=\"afc85fa\" data-element_type=\"column\">\n\t\t\t<div class=\"elementor-widget-wrap\">\n\t\t\t\t\t\t\t<\/div>\n\t\t<\/div>\n\t\t\t\t\t<\/div>\n\t\t<\/section>\n\t\t\t\t<section class=\"elementor-section elementor-top-section elementor-element elementor-element-d150fb8 elementor-section-boxed elementor-section-height-default elementor-section-height-default parallax_section_no qode_elementor_container_no qode-content-aligment-left\" data-id=\"d150fb8\" data-element_type=\"section\">\n\t\t\t\t\t\t<div class=\"elementor-container elementor-column-gap-default\">\n\t\t\t\t\t<div class=\"elementor-column elementor-col-50 elementor-top-column elementor-element elementor-element-ab75fd4\" data-id=\"ab75fd4\" data-element_type=\"column\">\n\t\t\t<div class=\"elementor-widget-wrap elementor-element-populated\">\n\t\t\t\t\t\t<div class=\"elementor-element elementor-element-2eb930d elementor-widget elementor-widget-text-editor\" data-id=\"2eb930d\" data-element_type=\"widget\" data-widget_type=\"text-editor.default\">\n\t\t\t\t<div class=\"elementor-widget-container\">\n\t\t\t<style>\/*! elementor - v3.20.0 - 26-03-2024 *\/\n.elementor-widget-text-editor.elementor-drop-cap-view-stacked .elementor-drop-cap{background-color:#69727d;color:#fff}.elementor-widget-text-editor.elementor-drop-cap-view-framed .elementor-drop-cap{color:#69727d;border:3px solid;background-color:transparent}.elementor-widget-text-editor:not(.elementor-drop-cap-view-default) .elementor-drop-cap{margin-top:8px}.elementor-widget-text-editor:not(.elementor-drop-cap-view-default) .elementor-drop-cap-letter{width:1em;height:1em}.elementor-widget-text-editor .elementor-drop-cap{float:left;text-align:center;line-height:1;font-size:50px}.elementor-widget-text-editor .elementor-drop-cap-letter{display:inline-block}<\/style>\t\t\t\t<p>Ich biete Gruppenbesuche ab 8 Personen mit anschlie\u00dfender etwa einst\u00fcndiger<br \/>Verkostung auf Anfrage an. Z\u00f6gern Sie nicht mich zu kontaktieren um einen Termin zu<br \/>vereinbaren.<\/p>\t\t\t\t\t\t<\/div>\n\t\t\t\t<\/div>\n\t\t\t\t<div class=\"elementor-element elementor-element-5855107 elementor-tablet-align-center elementor-align-center elementor-widget elementor-widget-button\" data-id=\"5855107\" data-element_type=\"widget\" data-widget_type=\"button.default\">\n\t\t\t\t<div class=\"elementor-widget-container\">\n\t\t\t\t\t<div class=\"elementor-button-wrapper\">\n\t\t\t<a class=\"elementor-button elementor-button-link elementor-size-sm\" href=\"https:\/\/levalet.be\/de\/kontakt\/\">\n\t\t\t\t\t\t<span class=\"elementor-button-content-wrapper\">\n\t\t\t\t\t\t<span class=\"elementor-button-text\">KONTAKTIEREN SIE MICH<\/span>\n\t\t<\/span>\n\t\t\t\t\t<\/a>\n\t\t<\/div>\n\t\t\t\t<\/div>\n\t\t\t\t<\/div>\n\t\t\t\t\t<\/div>\n\t\t<\/div>\n\t\t\t\t<div class=\"elementor-column elementor-col-50 elementor-top-column elementor-element elementor-element-33c252f\" data-id=\"33c252f\" data-element_type=\"column\">\n\t\t\t<div class=\"elementor-widget-wrap elementor-element-populated\">\n\t\t\t\t\t\t<div class=\"elementor-element elementor-element-cd5c638 elementor-invisible elementor-widget elementor-widget-image\" data-id=\"cd5c638\" data-element_type=\"widget\" data-settings=\"{&quot;_animation&quot;:&quot;zoomIn&quot;,&quot;_animation_delay&quot;:500}\" data-widget_type=\"image.default\">\n\t\t\t\t<div class=\"elementor-widget-container\">\n\t\t\t<style>\/*! elementor - v3.20.0 - 26-03-2024 *\/\n.elementor-widget-image{text-align:center}.elementor-widget-image a{display:inline-block}.elementor-widget-image a img[src$=\".svg\"]{width:48px}.elementor-widget-image img{vertical-align:middle;display:inline-block}<\/style>\t\t\t\t\t\t\t\t\t\t<img fetchpriority=\"high\" decoding=\"async\" width=\"1024\" height=\"682\" src=\"https:\/\/levalet.be\/web\/wp-content\/uploads\/2024\/03\/visites-01-1024x682.jpg\" class=\"attachment-large size-large wp-image-939\" alt=\"\" srcset=\"https:\/\/levalet.be\/web\/wp-content\/uploads\/2024\/03\/visites-01-1024x682.jpg 1024w, https:\/\/levalet.be\/web\/wp-content\/uploads\/2024\/03\/visites-01-300x200.jpg 300w, https:\/\/levalet.be\/web\/wp-content\/uploads\/2024\/03\/visites-01-768x511.jpg 768w, https:\/\/levalet.be\/web\/wp-content\/uploads\/2024\/03\/visites-01-700x466.jpg 700w, https:\/\/levalet.be\/web\/wp-content\/uploads\/2024\/03\/visites-01-1100x732.jpg 1100w, https:\/\/levalet.be\/web\/wp-content\/uploads\/2024\/03\/visites-01.jpg 1200w\" sizes=\"(max-width: 1024px) 100vw, 1024px\" \/>\t\t\t\t\t\t\t\t\t\t\t\t\t<\/div>\n\t\t\t\t<\/div>\n\t\t\t\t\t<\/div>\n\t\t<\/div>\n\t\t\t\t\t<\/div>\n\t\t<\/section>\n\t\t\t\t<section class=\"elementor-section elementor-top-section elementor-element elementor-element-8d78b63 elementor-section-boxed elementor-section-height-default elementor-section-height-default parallax_section_no qode_elementor_container_no qode-content-aligment-left\" data-id=\"8d78b63\" data-element_type=\"section\">\n\t\t\t\t\t\t<div class=\"elementor-container elementor-column-gap-default\">\n\t\t\t\t\t<div class=\"elementor-column elementor-col-50 elementor-top-column elementor-element elementor-element-5405f5d\" data-id=\"5405f5d\" data-element_type=\"column\">\n\t\t\t<div class=\"elementor-widget-wrap elementor-element-populated\">\n\t\t\t\t\t\t<div class=\"elementor-element elementor-element-f23ee1a elementor-widget__width-initial elementor-widget elementor-widget-text-editor\" data-id=\"f23ee1a\" data-element_type=\"widget\" data-widget_type=\"text-editor.default\">\n\t\t\t\t<div class=\"elementor-widget-container\">\n\t\t\t\t\t\t\t<p><span style=\"text-decoration: underline;\">Veranstaltungen<\/span><\/p><p><span style=\"text-decoration: underline;\"><br><\/span><\/p>\n<p><\/p>\n<p>Ich biete Catering an bei dem unsere Produkte eingesetzt werden in Raclette, Fondue, Croque Monsieur, etc. Sie finden uns auf folgenden M\u00e4rkten:<\/p><p><br><\/p><p><strong>29.11.2025<\/strong> von 16:00 bis 22:00: Weihnachtsmarkt in B\u00fcllingen<\/p><p><strong>14.12.2025<\/strong>&nbsp;von 12:00 bis 22:00: Weihnachtsmarkt Stille Post \/ Heilige Post in Sankt-Vith<\/p>\n<p><\/p>\t\t\t\t\t\t<\/div>\n\t\t\t\t<\/div>\n\t\t\t\t<div class=\"elementor-element elementor-element-8d7c4e5 elementor-tablet-align-center elementor-align-center elementor-widget elementor-widget-button\" data-id=\"8d7c4e5\" data-element_type=\"widget\" data-widget_type=\"button.default\">\n\t\t\t\t<div class=\"elementor-widget-container\">\n\t\t\t\t\t<div class=\"elementor-button-wrapper\">\n\t\t\t<a class=\"elementor-button elementor-button-link elementor-size-sm\" href=\"https:\/\/levalet.be\/de\/kontakt\/\">\n\t\t\t\t\t\t<span class=\"elementor-button-content-wrapper\">\n\t\t\t\t\t\t<span class=\"elementor-button-text\">KONTAKTIEREN SIE MICH<\/span>\n\t\t<\/span>\n\t\t\t\t\t<\/a>\n\t\t<\/div>\n\t\t\t\t<\/div>\n\t\t\t\t<\/div>\n\t\t\t\t\t<\/div>\n\t\t<\/div>\n\t\t\t\t<div class=\"elementor-column elementor-col-50 elementor-top-column elementor-element elementor-element-65dafde\" data-id=\"65dafde\" data-element_type=\"column\">\n\t\t\t<div class=\"elementor-widget-wrap elementor-element-populated\">\n\t\t\t\t\t\t<div class=\"elementor-element elementor-element-01f0f02 elementor-invisible elementor-widget elementor-widget-image\" data-id=\"01f0f02\" data-element_type=\"widget\" data-settings=\"{&quot;_animation&quot;:&quot;zoomIn&quot;}\" data-widget_type=\"image.default\">\n\t\t\t\t<div class=\"elementor-widget-container\">\n\t\t\t\t\t\t\t\t\t\t\t\t\t<img decoding=\"async\" width=\"1024\" height=\"768\" src=\"https:\/\/levalet.be\/web\/wp-content\/uploads\/2024\/10\/IMG_9663-1024x768.jpg\" class=\"attachment-large size-large wp-image-1166\" alt=\"\" srcset=\"https:\/\/levalet.be\/web\/wp-content\/uploads\/2024\/10\/IMG_9663-1024x768.jpg 1024w, https:\/\/levalet.be\/web\/wp-content\/uploads\/2024\/10\/IMG_9663-300x225.jpg 300w, https:\/\/levalet.be\/web\/wp-content\/uploads\/2024\/10\/IMG_9663-768x576.jpg 768w, https:\/\/levalet.be\/web\/wp-content\/uploads\/2024\/10\/IMG_9663-1536x1152.jpg 1536w, https:\/\/levalet.be\/web\/wp-content\/uploads\/2024\/10\/IMG_9663-2048x1536.jpg 2048w, https:\/\/levalet.be\/web\/wp-content\/uploads\/2024\/10\/IMG_9663-800x600.jpg 800w, https:\/\/levalet.be\/web\/wp-content\/uploads\/2024\/10\/IMG_9663-700x525.jpg 700w, https:\/\/levalet.be\/web\/wp-content\/uploads\/2024\/10\/IMG_9663-1100x825.jpg 1100w\" sizes=\"(max-width: 1024px) 100vw, 1024px\" \/>\t\t\t\t\t\t\t\t\t\t\t\t\t<\/div>\n\t\t\t\t<\/div>\n\t\t\t\t\t<\/div>\n\t\t<\/div>\n\t\t\t\t\t<\/div>\n\t\t<\/section>\n\t\t<div class=\"elementor-element elementor-element-bdaed7b e-flex e-con-boxed e-con e-parent\" data-id=\"bdaed7b\" data-element_type=\"container\" data-core-v316-plus=\"true\">\n\t\t\t\t\t<div class=\"e-con-inner\">\n\t\t\t\t\t<\/div>\n\t\t\t\t<\/div>\n\t\t\t\t<\/div>\n\t\t","protected":false},"excerpt":{"rendered":"<p>Ich biete Gruppenbesuche ab 8 Personen mit anschlie\u00dfender etwa einst\u00fcndigerVerkostung auf Anfrage an. Z\u00f6gern Sie nicht mich zu kontaktieren um einen Termin zuvereinbaren. KONTAKTIEREN SIE MICH Veranstaltungen Ich biete Catering an bei dem unsere Produkte eingesetzt werden in Raclette, Fondue, Croque Monsieur, etc. Sie finden&#8230;<\/p>\n","protected":false},"author":1,"featured_media":0,"parent":0,"menu_order":0,"comment_status":"closed","ping_status":"closed","template":"full_width.php","meta":{"footnotes":""},"_links":{"self":[{"href":"https:\/\/levalet.be\/de\/wp-json\/wp\/v2\/pages\/811"}],"collection":[{"href":"https:\/\/levalet.be\/de\/wp-json\/wp\/v2\/pages"}],"about":[{"href":"https:\/\/levalet.be\/de\/wp-json\/wp\/v2\/types\/page"}],"author":[{"embeddable":true,"href":"https:\/\/levalet.be\/de\/wp-json\/wp\/v2\/users\/1"}],"replies":[{"embeddable":true,"href":"https:\/\/levalet.be\/de\/wp-json\/wp\/v2\/comments?post=811"}],"version-history":[{"count":45,"href":"https:\/\/levalet.be\/de\/wp-json\/wp\/v2\/pages\/811\/revisions"}],"predecessor-version":[{"id":1226,"href":"https:\/\/levalet.be\/de\/wp-json\/wp\/v2\/pages\/811\/revisions\/1226"}],"wp:attachment":[{"href":"https:\/\/levalet.be\/de\/wp-json\/wp\/v2\/media?parent=811"}],"curies":[{"name":"wp","href":"https:\/\/api.w.org\/{rel}","templated":true}]}}